{"id":141,"date":"2015-04-14T01:47:39","date_gmt":"2015-04-14T01:47:39","guid":{"rendered":"http:\/\/oriel-wp.wp4life.com\/?page_id=141"},"modified":"2023-07-26T18:01:15","modified_gmt":"2023-07-26T18:01:15","slug":"contact","status":"publish","type":"page","link":"https:\/\/www.spaceanddesignsolution.com\/index.php\/contact\/","title":{"rendered":"Contacto"},"content":{"rendered":"<h3>Space And Design Solution, S. A.<\/h3>\n<div class=\"name\"><\/div>\n<div class=\"address\">Estamos ubicados en Ciudad de Panam\u00e1, Rep\u00fablica de Panam\u00e1.<\/div>\n<div class=\"address\"><div class=\"oriel-message\"><span class=\"oriel-message-close\"><\/span>Cont\u00e1ctenos a los Tel\u00e9fonos: (507) 6209-7583 \/ (507) 6311-1345<\/div><\/div>\n<div class=\"address\"><\/div>\n<p><iframe loading=\"lazy\" src=\"https:\/\/www.google.com\/maps\/embed?pb=!1m18!1m12!1m3!1d3940.73715490201!2d-79.52145468566636!3d8.996316393543543!2m3!1f0!2f0!3f0!3m2!1i1024!2i768!4f13.1!3m3!1m2!1s0x8faca855ecac9383%3A0x37c43db9d0d3b81a!2sFurniture+City+V%C3%ADa+Espa%C3%B1a!5e0!3m2!1ses!2sus!4v1488941407927\" width=\"600\" height=\"450\" frameborder=\"0\" style=\"border:0\" allowfullscreen><\/iframe><\/p>\n<p><span class=\"label\"><strong>Address:<\/strong> R\u00edo Abajo, Rep\u00fablica de Panam\u00e1.<\/span><\/p>\n<p><span class=\"label\"><strong>Phone:<\/strong> (507) 6209-7583 \/ (507) 6311-1345<\/span><\/p>\n<p><span class=\"label\"><strong>Email:<\/strong>\u00a0ventas@spaceanddesignsolution.com<\/span><\/p>\n<hr \/>\n<h3>\u00bfNecesita m\u00e1s informaci\u00f3n?<\/h3>\n<p>Por favor complete el siguiente formulario y estaremos comunic\u00e1ndonos con usted a la mayor brevedad posible.<\/p>\n\n<div class=\"wpcf7 no-js\" id=\"wpcf7-f194-o1\" lang=\"es-ES\" dir=\"ltr\">\n<div class=\"screen-reader-response\"><p role=\"status\" aria-live=\"polite\" aria-atomic=\"true\"><\/p> <ul><\/ul><\/div>\n<form action=\"\/index.php\/wp-json\/wp\/v2\/pages\/141#wpcf7-f194-o1\" method=\"post\" class=\"wpcf7-form init\" aria-label=\"Formulario de contacto\" novalidate=\"novalidate\" data-status=\"init\">\n<div style=\"display: none;\">\n<input type=\"hidden\" name=\"_wpcf7\" value=\"194\" \/>\n<input type=\"hidden\" name=\"_wpcf7_version\" value=\"5.8\" \/>\n<input type=\"hidden\" name=\"_wpcf7_locale\" value=\"es_ES\" \/>\n<input type=\"hidden\" name=\"_wpcf7_unit_tag\" value=\"wpcf7-f194-o1\" \/>\n<input type=\"hidden\" name=\"_wpcf7_container_post\" value=\"0\" \/>\n<input type=\"hidden\" name=\"_wpcf7_posted_data_hash\" value=\"\" \/>\n<\/div>\n<p><label> Nombre Completo (obligatorio)<br \/>\n<span class=\"wpcf7-form-control-wrap\" data-name=\"your-name\"><input size=\"40\" class=\"wpcf7-form-control wpcf7-text wpcf7-validates-as-required\" aria-required=\"true\" aria-invalid=\"false\" value=\"\" type=\"text\" name=\"your-name\" \/><\/span> <\/label>\n<\/p>\n<p><label> Correo Electr\u00f3nico (obligatorio)<br \/>\n<span class=\"wpcf7-form-control-wrap\" data-name=\"your-email\"><input size=\"40\" class=\"wpcf7-form-control wpcf7-email wpcf7-validates-as-required wpcf7-text wpcf7-validates-as-email\" aria-required=\"true\" aria-invalid=\"false\" value=\"\" type=\"email\" name=\"your-email\" \/><\/span> <\/label>\n<\/p>\n<p><label> Asunto<br \/>\n<span class=\"wpcf7-form-control-wrap\" data-name=\"your-subject\"><input size=\"40\" class=\"wpcf7-form-control wpcf7-text\" aria-invalid=\"false\" value=\"\" type=\"text\" name=\"your-subject\" \/><\/span> <\/label>\n<\/p>\n<p><label> Escriba aqu\u00ed su mensaje<br \/>\n<span class=\"wpcf7-form-control-wrap\" data-name=\"your-message\"><textarea cols=\"40\" rows=\"10\" class=\"wpcf7-form-control wpcf7-textarea\" aria-invalid=\"false\" name=\"your-message\"><\/textarea><\/span> <\/label>\n<\/p>\n<p><input class=\"wpcf7-form-control wpcf7-submit has-spinner\" type=\"submit\" value=\"Enviar\" \/>\n<\/p><div class=\"wpcf7-response-output\" aria-hidden=\"true\"><\/div>\n<\/form>\n<\/div>\n\n","protected":false},"excerpt":{"rendered":"<p>Space And Design Solution, S. A. Estamos ubicados en Ciudad de Panam\u00e1, Rep\u00fablica de Panam\u00e1. \u00bfNecesita m\u00e1s informaci\u00f3n? Por favor complete el siguiente formulario y estaremos comunic\u00e1ndonos con usted a la mayor brevedad posible.<\/p>\n<a class=\"readmore-button\" href=\"https:\/\/www.spaceanddesignsolution.com\/index.php\/contact\/\">Read More<\/a>","protected":false},"author":1,"featured_media":0,"parent":0,"menu_order":0,"comment_status":"open","ping_status":"open","template":"","meta":{"footnotes":""},"class_list":["post-141","page","type-page","status-publish","hentry"],"yoast_head":"<!-- This site is optimized with the Yoast SEO plugin v20.13 - https:\/\/yoast.com\/wordpress\/plugins\/seo\/ -->\n<title>Contacto - Space &amp; Design Solution, S.A.<\/title>\n<meta name=\"robots\" content=\"index, follow, max-snippet:-1, max-image-preview:large, max-video-preview:-1\" \/>\n<link rel=\"canonical\" href=\"https:\/\/www.spaceanddesignsolution.com\/index.php\/contact\/\" \/>\n<meta property=\"og:locale\" content=\"es_ES\" \/>\n<meta property=\"og:type\" content=\"article\" \/>\n<meta property=\"og:title\" content=\"Contacto - Space &amp; Design Solution, S.A.\" \/>\n<meta property=\"og:description\" content=\"Space And Design Solution, S. A. Estamos ubicados en Ciudad de Panam\u00e1, Rep\u00fablica de Panam\u00e1. \u00bfNecesita m\u00e1s informaci\u00f3n? Por favor complete el siguiente formulario y estaremos comunic\u00e1ndonos con usted a la mayor brevedad posible.\" \/>\n<meta property=\"og:url\" content=\"https:\/\/www.spaceanddesignsolution.com\/index.php\/contact\/\" \/>\n<meta property=\"og:site_name\" content=\"Space &amp; Design Solution, S.A.\" \/>\n<meta property=\"article:publisher\" content=\"https:\/\/web.facebook.com\/syds.sa?_rdc=1&amp;_rdr\" \/>\n<meta property=\"article:modified_time\" content=\"2023-07-26T18:01:15+00:00\" \/>\n<meta property=\"og:image\" content=\"https:\/\/www.spaceanddesignsolution.com\/wp-content\/uploads\/2016\/07\/logo-demo.jpg\" \/>\n\t<meta property=\"og:image:width\" content=\"200\" \/>\n\t<meta property=\"og:image:height\" content=\"200\" \/>\n\t<meta property=\"og:image:type\" content=\"image\/jpeg\" \/>\n<meta name=\"twitter:card\" content=\"summary_large_image\" \/>\n<script type=\"application\/ld+json\" class=\"yoast-schema-graph\">{\"@context\":\"https:\/\/schema.org\",\"@graph\":[{\"@type\":\"WebPage\",\"@id\":\"https:\/\/www.spaceanddesignsolution.com\/index.php\/contact\/\",\"url\":\"https:\/\/www.spaceanddesignsolution.com\/index.php\/contact\/\",\"name\":\"Contacto - Space &amp; Design Solution, S.A.\",\"isPartOf\":{\"@id\":\"https:\/\/www.spaceanddesignsolution.com\/#website\"},\"datePublished\":\"2015-04-14T01:47:39+00:00\",\"dateModified\":\"2023-07-26T18:01:15+00:00\",\"breadcrumb\":{\"@id\":\"https:\/\/www.spaceanddesignsolution.com\/index.php\/contact\/#breadcrumb\"},\"inLanguage\":\"es\",\"potentialAction\":[{\"@type\":\"ReadAction\",\"target\":[\"https:\/\/www.spaceanddesignsolution.com\/index.php\/contact\/\"]}]},{\"@type\":\"BreadcrumbList\",\"@id\":\"https:\/\/www.spaceanddesignsolution.com\/index.php\/contact\/#breadcrumb\",\"itemListElement\":[{\"@type\":\"ListItem\",\"position\":1,\"name\":\"Portada\",\"item\":\"https:\/\/www.spaceanddesignsolution.com\/\"},{\"@type\":\"ListItem\",\"position\":2,\"name\":\"Contacto\"}]},{\"@type\":\"WebSite\",\"@id\":\"https:\/\/www.spaceanddesignsolution.com\/#website\",\"url\":\"https:\/\/www.spaceanddesignsolution.com\/\",\"name\":\"Space &amp; Design Solution, S.A.\",\"description\":\"Space And Design Solution S,A: Es una firma de arquitectura innovadora y vers\u00e1til, capaz de ofrecer soluciones a la medida para las complejas necesidades de la construcci\u00f3n, la decoraci\u00f3n y el dise\u00f1o en el siglo XXI. Adem\u00e1s de estos servicios, nuestro equipo multidisciplinario se especializa en la compra y venta de materiales, importaci\u00f3n, asesor\u00eda y consultor\u00eda t\u00e9cnica, fabricaci\u00f3n e importaci\u00f3n de todo tipo muebles y equipamientos residenciales (cocina, ba\u00f1os, etc.) y mantenimiento de obras, entre otros.\",\"publisher\":{\"@id\":\"https:\/\/www.spaceanddesignsolution.com\/#organization\"},\"alternateName\":\"sa\",\"potentialAction\":[{\"@type\":\"SearchAction\",\"target\":{\"@type\":\"EntryPoint\",\"urlTemplate\":\"https:\/\/www.spaceanddesignsolution.com\/?s={search_term_string}\"},\"query-input\":\"required name=search_term_string\"}],\"inLanguage\":\"es\"},{\"@type\":\"Organization\",\"@id\":\"https:\/\/www.spaceanddesignsolution.com\/#organization\",\"name\":\"Space &amp; Design Solution, S.A.\",\"url\":\"https:\/\/www.spaceanddesignsolution.com\/\",\"logo\":{\"@type\":\"ImageObject\",\"inLanguage\":\"es\",\"@id\":\"https:\/\/www.spaceanddesignsolution.com\/#\/schema\/logo\/image\/\",\"url\":\"https:\/\/www.spaceanddesignsolution.com\/wp-content\/uploads\/2016\/07\/logo-demo.jpg\",\"contentUrl\":\"https:\/\/www.spaceanddesignsolution.com\/wp-content\/uploads\/2016\/07\/logo-demo.jpg\",\"width\":200,\"height\":200,\"caption\":\"Space &amp; Design Solution, S.A.\"},\"image\":{\"@id\":\"https:\/\/www.spaceanddesignsolution.com\/#\/schema\/logo\/image\/\"},\"sameAs\":[\"https:\/\/web.facebook.com\/syds.sa?_rdc=1&_rdr\",\"https:\/\/www.instagram.com\/spaceanddesignsolution\/\"]}]}<\/script>\n<!-- \/ Yoast SEO plugin. -->","yoast_head_json":{"title":"Contacto - Space &amp; Design Solution, S.A.","robots":{"index":"index","follow":"follow","max-snippet":"max-snippet:-1","max-image-preview":"max-image-preview:large","max-video-preview":"max-video-preview:-1"},"canonical":"https:\/\/www.spaceanddesignsolution.com\/index.php\/contact\/","og_locale":"es_ES","og_type":"article","og_title":"Contacto - Space &amp; Design Solution, S.A.","og_description":"Space And Design Solution, S. A. Estamos ubicados en Ciudad de Panam\u00e1, Rep\u00fablica de Panam\u00e1. \u00bfNecesita m\u00e1s informaci\u00f3n? Por favor complete el siguiente formulario y estaremos comunic\u00e1ndonos con usted a la mayor brevedad posible.","og_url":"https:\/\/www.spaceanddesignsolution.com\/index.php\/contact\/","og_site_name":"Space &amp; Design Solution, S.A.","article_publisher":"https:\/\/web.facebook.com\/syds.sa?_rdc=1&_rdr","article_modified_time":"2023-07-26T18:01:15+00:00","og_image":[{"width":200,"height":200,"url":"https:\/\/www.spaceanddesignsolution.com\/wp-content\/uploads\/2016\/07\/logo-demo.jpg","type":"image\/jpeg"}],"twitter_card":"summary_large_image","schema":{"@context":"https:\/\/schema.org","@graph":[{"@type":"WebPage","@id":"https:\/\/www.spaceanddesignsolution.com\/index.php\/contact\/","url":"https:\/\/www.spaceanddesignsolution.com\/index.php\/contact\/","name":"Contacto - Space &amp; Design Solution, S.A.","isPartOf":{"@id":"https:\/\/www.spaceanddesignsolution.com\/#website"},"datePublished":"2015-04-14T01:47:39+00:00","dateModified":"2023-07-26T18:01:15+00:00","breadcrumb":{"@id":"https:\/\/www.spaceanddesignsolution.com\/index.php\/contact\/#breadcrumb"},"inLanguage":"es","potentialAction":[{"@type":"ReadAction","target":["https:\/\/www.spaceanddesignsolution.com\/index.php\/contact\/"]}]},{"@type":"BreadcrumbList","@id":"https:\/\/www.spaceanddesignsolution.com\/index.php\/contact\/#breadcrumb","itemListElement":[{"@type":"ListItem","position":1,"name":"Portada","item":"https:\/\/www.spaceanddesignsolution.com\/"},{"@type":"ListItem","position":2,"name":"Contacto"}]},{"@type":"WebSite","@id":"https:\/\/www.spaceanddesignsolution.com\/#website","url":"https:\/\/www.spaceanddesignsolution.com\/","name":"Space &amp; Design Solution, S.A.","description":"Space And Design Solution S,A: Es una firma de arquitectura innovadora y vers\u00e1til, capaz de ofrecer soluciones a la medida para las complejas necesidades de la construcci\u00f3n, la decoraci\u00f3n y el dise\u00f1o en el siglo XXI. Adem\u00e1s de estos servicios, nuestro equipo multidisciplinario se especializa en la compra y venta de materiales, importaci\u00f3n, asesor\u00eda y consultor\u00eda t\u00e9cnica, fabricaci\u00f3n e importaci\u00f3n de todo tipo muebles y equipamientos residenciales (cocina, ba\u00f1os, etc.) y mantenimiento de obras, entre otros.","publisher":{"@id":"https:\/\/www.spaceanddesignsolution.com\/#organization"},"alternateName":"sa","potentialAction":[{"@type":"SearchAction","target":{"@type":"EntryPoint","urlTemplate":"https:\/\/www.spaceanddesignsolution.com\/?s={search_term_string}"},"query-input":"required name=search_term_string"}],"inLanguage":"es"},{"@type":"Organization","@id":"https:\/\/www.spaceanddesignsolution.com\/#organization","name":"Space &amp; Design Solution, S.A.","url":"https:\/\/www.spaceanddesignsolution.com\/","logo":{"@type":"ImageObject","inLanguage":"es","@id":"https:\/\/www.spaceanddesignsolution.com\/#\/schema\/logo\/image\/","url":"https:\/\/www.spaceanddesignsolution.com\/wp-content\/uploads\/2016\/07\/logo-demo.jpg","contentUrl":"https:\/\/www.spaceanddesignsolution.com\/wp-content\/uploads\/2016\/07\/logo-demo.jpg","width":200,"height":200,"caption":"Space &amp; Design Solution, S.A."},"image":{"@id":"https:\/\/www.spaceanddesignsolution.com\/#\/schema\/logo\/image\/"},"sameAs":["https:\/\/web.facebook.com\/syds.sa?_rdc=1&_rdr","https:\/\/www.instagram.com\/spaceanddesignsolution\/"]}]}},"_links":{"self":[{"href":"https:\/\/www.spaceanddesignsolution.com\/index.php\/wp-json\/wp\/v2\/pages\/141","targetHints":{"allow":["GET"]}}],"collection":[{"href":"https:\/\/www.spaceanddesignsolution.com\/index.php\/wp-json\/wp\/v2\/pages"}],"about":[{"href":"https:\/\/www.spaceanddesignsolution.com\/index.php\/wp-json\/wp\/v2\/types\/page"}],"author":[{"embeddable":true,"href":"https:\/\/www.spaceanddesignsolution.com\/index.php\/wp-json\/wp\/v2\/users\/1"}],"replies":[{"embeddable":true,"href":"https:\/\/www.spaceanddesignsolution.com\/index.php\/wp-json\/wp\/v2\/comments?post=141"}],"version-history":[{"count":27,"href":"https:\/\/www.spaceanddesignsolution.com\/index.php\/wp-json\/wp\/v2\/pages\/141\/revisions"}],"predecessor-version":[{"id":1172,"href":"https:\/\/www.spaceanddesignsolution.com\/index.php\/wp-json\/wp\/v2\/pages\/141\/revisions\/1172"}],"wp:attachment":[{"href":"https:\/\/www.spaceanddesignsolution.com\/index.php\/wp-json\/wp\/v2\/media?parent=141"}],"curies":[{"name":"wp","href":"https:\/\/api.w.org\/{rel}","templated":true}]}}