{"id":496,"date":"2016-09-13T23:49:18","date_gmt":"2016-09-13T23:49:18","guid":{"rendered":"http:\/\/www.spaceanddesignsolution.com\/?page_id=496"},"modified":"2016-09-13T23:50:50","modified_gmt":"2016-09-13T23:50:50","slug":"instalacion-de-pisos","status":"publish","type":"page","link":"https:\/\/www.spaceanddesignsolution.com\/index.php\/instalacion-de-pisos\/","title":{"rendered":"Instalaci\u00f3n de Pisos"},"content":{"rendered":"                                                                                                <div id=\"dv-gallery1939123857\" class=\"dv-gallerycontainer\">\n                                            <div class=\"dv-galleryimage \" data-image=\"https:\/\/www.spaceanddesignsolution.com\/wp-content\/uploads\/2016\/09\/IMG-20230728-WA0036-768x1024.jpg\">\n                    <a class=\"openlightbox   \" href=\"#\" ><\/a>\n                <\/div>\n                            <div class=\"dv-gallerycontent   \">\n                <div class=\"dv-gallerycontent-inner\">\n                <div class=\"dvh4\"><a href=\"#\" class=\"openlightbox\" >Instalaci\u00f3n de Pisos \/ Flooring Installation<\/a><\/div>\n                                <a href=\"#\" class=\"openlightbox dv-readmore-button\" >View Gallery<\/a>\n                <\/div>\n            <\/div>\n            <\/div>    \n<script type=\"text\/javascript\">\n    jQuery(document).ready(function () {\n        jQuery('#dv-gallery1939123857 .openlightbox').click(function (e) {\n            e.preventDefault();\n            jQuery(this).lightGallery({\n                dynamic: true,\n                    preload: 2,\n                    zoom: true,\n                    fullScreen: true,\n                    thumbnail: true,\n                    download: true,\n                    counter: true,\n                    hideBarsDelay: 6000,\n                                autoplay: true,\n                pause: 4000,\n                                dynamicEl: [\n                     \n                                                                                                                        {\n                        \"src\": \"https:\/\/www.spaceanddesignsolution.com\/wp-content\/uploads\/2016\/09\/IMG-20230728-WA0032.jpg\",\n                        \"thumb\": \"https:\/\/www.spaceanddesignsolution.com\/wp-content\/uploads\/2016\/09\/IMG-20230728-WA0032-150x150.jpg\",\n                        \"subHtml\": \"\",\n                        \"responsive\": \"https:\/\/www.spaceanddesignsolution.com\/wp-content\/uploads\/2016\/09\/IMG-20230728-WA0032-225x300.jpg 480, https:\/\/www.spaceanddesignsolution.com\/wp-content\/uploads\/2016\/09\/IMG-20230728-WA0032-768x1024.jpg 1024\"\n                    },\n                     \n                                                                                                                        {\n                        \"src\": \"https:\/\/www.spaceanddesignsolution.com\/wp-content\/uploads\/2016\/09\/IMG-20230728-WA0035.jpg\",\n                        \"thumb\": \"https:\/\/www.spaceanddesignsolution.com\/wp-content\/uploads\/2016\/09\/IMG-20230728-WA0035-150x150.jpg\",\n                        \"subHtml\": \"\",\n                        \"responsive\": \"https:\/\/www.spaceanddesignsolution.com\/wp-content\/uploads\/2016\/09\/IMG-20230728-WA0035-300x225.jpg 480, https:\/\/www.spaceanddesignsolution.com\/wp-content\/uploads\/2016\/09\/IMG-20230728-WA0035-1024x768.jpg 1024\"\n                    },\n                     \n                                                                                                                        {\n                        \"src\": \"https:\/\/www.spaceanddesignsolution.com\/wp-content\/uploads\/2016\/09\/IMG-20230728-WA0036.jpg\",\n                        \"thumb\": \"https:\/\/www.spaceanddesignsolution.com\/wp-content\/uploads\/2016\/09\/IMG-20230728-WA0036-150x150.jpg\",\n                        \"subHtml\": \"\",\n                        \"responsive\": \"https:\/\/www.spaceanddesignsolution.com\/wp-content\/uploads\/2016\/09\/IMG-20230728-WA0036-225x300.jpg 480, https:\/\/www.spaceanddesignsolution.com\/wp-content\/uploads\/2016\/09\/IMG-20230728-WA0036-768x1024.jpg 1024\"\n                    },\n                     \n                                                                                                                        {\n                        \"src\": \"https:\/\/www.spaceanddesignsolution.com\/wp-content\/uploads\/2016\/09\/IMG-20230728-WA0037.jpg\",\n                        \"thumb\": \"https:\/\/www.spaceanddesignsolution.com\/wp-content\/uploads\/2016\/09\/IMG-20230728-WA0037-150x150.jpg\",\n                        \"subHtml\": \"\",\n                        \"responsive\": \"https:\/\/www.spaceanddesignsolution.com\/wp-content\/uploads\/2016\/09\/IMG-20230728-WA0037-300x225.jpg 480, https:\/\/www.spaceanddesignsolution.com\/wp-content\/uploads\/2016\/09\/IMG-20230728-WA0037-1024x768.jpg 1024\"\n                    },\n                     \n                                                                                                                        {\n                        \"src\": \"https:\/\/www.spaceanddesignsolution.com\/wp-content\/uploads\/2022\/01\/WhatsApp-Image-2022-01-11-at-8.55.53-AM.jpeg\",\n                        \"thumb\": \"https:\/\/www.spaceanddesignsolution.com\/wp-content\/uploads\/2022\/01\/WhatsApp-Image-2022-01-11-at-8.55.53-AM-150x150.jpeg\",\n                        \"subHtml\": \"\",\n                        \"responsive\": \"https:\/\/www.spaceanddesignsolution.com\/wp-content\/uploads\/2022\/01\/WhatsApp-Image-2022-01-11-at-8.55.53-AM-169x300.jpeg 480, https:\/\/www.spaceanddesignsolution.com\/wp-content\/uploads\/2022\/01\/WhatsApp-Image-2022-01-11-at-8.55.53-AM.jpeg 1024\"\n                    },\n                     \n                                                                                                                        {\n                        \"src\": \"https:\/\/www.spaceanddesignsolution.com\/wp-content\/uploads\/2022\/01\/WhatsApp-Image-2022-01-11-at-8.55.52-AM-2.jpeg\",\n                        \"thumb\": \"https:\/\/www.spaceanddesignsolution.com\/wp-content\/uploads\/2022\/01\/WhatsApp-Image-2022-01-11-at-8.55.52-AM-2-150x150.jpeg\",\n                        \"subHtml\": \"\",\n                        \"responsive\": \"https:\/\/www.spaceanddesignsolution.com\/wp-content\/uploads\/2022\/01\/WhatsApp-Image-2022-01-11-at-8.55.52-AM-2-225x300.jpeg 480, https:\/\/www.spaceanddesignsolution.com\/wp-content\/uploads\/2022\/01\/WhatsApp-Image-2022-01-11-at-8.55.52-AM-2.jpeg 1024\"\n                    },\n                     \n                                                                                                                        {\n                        \"src\": \"https:\/\/www.spaceanddesignsolution.com\/wp-content\/uploads\/2022\/01\/WhatsApp-Image-2022-01-11-at-8.55.53-AM-3.jpeg\",\n                        \"thumb\": \"https:\/\/www.spaceanddesignsolution.com\/wp-content\/uploads\/2022\/01\/WhatsApp-Image-2022-01-11-at-8.55.53-AM-3-150x150.jpeg\",\n                        \"subHtml\": \"\",\n                        \"responsive\": \"https:\/\/www.spaceanddesignsolution.com\/wp-content\/uploads\/2022\/01\/WhatsApp-Image-2022-01-11-at-8.55.53-AM-3-165x300.jpeg 480, https:\/\/www.spaceanddesignsolution.com\/wp-content\/uploads\/2022\/01\/WhatsApp-Image-2022-01-11-at-8.55.53-AM-3.jpeg 1024\"\n                    },\n                     \n                                                                                                                        {\n                        \"src\": \"https:\/\/www.spaceanddesignsolution.com\/wp-content\/uploads\/2016\/09\/WhatsApp-Image-2022-01-11-at-8.55.52-AM.jpeg\",\n                        \"thumb\": \"https:\/\/www.spaceanddesignsolution.com\/wp-content\/uploads\/2016\/09\/WhatsApp-Image-2022-01-11-at-8.55.52-AM-150x150.jpeg\",\n                        \"subHtml\": \"\",\n                        \"responsive\": \"https:\/\/www.spaceanddesignsolution.com\/wp-content\/uploads\/2016\/09\/WhatsApp-Image-2022-01-11-at-8.55.52-AM-165x300.jpeg 480, https:\/\/www.spaceanddesignsolution.com\/wp-content\/uploads\/2016\/09\/WhatsApp-Image-2022-01-11-at-8.55.52-AM.jpeg 1024\"\n                    },\n                     \n                                                                                                                        {\n                        \"src\": \"https:\/\/www.spaceanddesignsolution.com\/wp-content\/uploads\/2016\/09\/WhatsApp-Image-2022-01-11-at-8.55.52-AM-1.jpeg\",\n                        \"thumb\": \"https:\/\/www.spaceanddesignsolution.com\/wp-content\/uploads\/2016\/09\/WhatsApp-Image-2022-01-11-at-8.55.52-AM-1-150x150.jpeg\",\n                        \"subHtml\": \"\",\n                        \"responsive\": \"https:\/\/www.spaceanddesignsolution.com\/wp-content\/uploads\/2016\/09\/WhatsApp-Image-2022-01-11-at-8.55.52-AM-1-300x169.jpeg 480, https:\/\/www.spaceanddesignsolution.com\/wp-content\/uploads\/2016\/09\/WhatsApp-Image-2022-01-11-at-8.55.52-AM-1.jpeg 1024\"\n                    },\n                     \n                                                                                                                        {\n                        \"src\": \"https:\/\/www.spaceanddesignsolution.com\/wp-content\/uploads\/2016\/09\/sads-pisos-6.jpg\",\n                        \"thumb\": \"https:\/\/www.spaceanddesignsolution.com\/wp-content\/uploads\/2016\/09\/sads-pisos-6-150x150.jpg\",\n                        \"subHtml\": \"\",\n                        \"responsive\": \"https:\/\/www.spaceanddesignsolution.com\/wp-content\/uploads\/2016\/09\/sads-pisos-6-300x225.jpg 480, https:\/\/www.spaceanddesignsolution.com\/wp-content\/uploads\/2016\/09\/sads-pisos-6-1024x768.jpg 1024\"\n                    },\n                     \n                                                                                                                        {\n                        \"src\": \"https:\/\/www.spaceanddesignsolution.com\/wp-content\/uploads\/2016\/09\/sads-pisos-5.jpg\",\n                        \"thumb\": \"https:\/\/www.spaceanddesignsolution.com\/wp-content\/uploads\/2016\/09\/sads-pisos-5-150x150.jpg\",\n                        \"subHtml\": \"\",\n                        \"responsive\": \"https:\/\/www.spaceanddesignsolution.com\/wp-content\/uploads\/2016\/09\/sads-pisos-5-300x259.jpg 480, https:\/\/www.spaceanddesignsolution.com\/wp-content\/uploads\/2016\/09\/sads-pisos-5.jpg 1024\"\n                    },\n                     \n                                                                                                                        {\n                        \"src\": \"https:\/\/www.spaceanddesignsolution.com\/wp-content\/uploads\/2016\/09\/sads-pisos-4.jpg\",\n                        \"thumb\": \"https:\/\/www.spaceanddesignsolution.com\/wp-content\/uploads\/2016\/09\/sads-pisos-4-150x150.jpg\",\n                        \"subHtml\": \"\",\n                        \"responsive\": \"https:\/\/www.spaceanddesignsolution.com\/wp-content\/uploads\/2016\/09\/sads-pisos-4-300x169.jpg 480, https:\/\/www.spaceanddesignsolution.com\/wp-content\/uploads\/2016\/09\/sads-pisos-4-1024x576.jpg 1024\"\n                    },\n                     \n                                                                                                                        {\n                        \"src\": \"https:\/\/www.spaceanddesignsolution.com\/wp-content\/uploads\/2016\/09\/sads-pisos-3.jpg\",\n                        \"thumb\": \"https:\/\/www.spaceanddesignsolution.com\/wp-content\/uploads\/2016\/09\/sads-pisos-3-150x150.jpg\",\n                        \"subHtml\": \"\",\n                        \"responsive\": \"https:\/\/www.spaceanddesignsolution.com\/wp-content\/uploads\/2016\/09\/sads-pisos-3-300x225.jpg 480, https:\/\/www.spaceanddesignsolution.com\/wp-content\/uploads\/2016\/09\/sads-pisos-3-1024x768.jpg 1024\"\n                    },\n                     \n                                                                                                                        {\n                        \"src\": \"https:\/\/www.spaceanddesignsolution.com\/wp-content\/uploads\/2016\/09\/sads-pisos-2-e1613833088402.jpg\",\n                        \"thumb\": \"https:\/\/www.spaceanddesignsolution.com\/wp-content\/uploads\/2016\/09\/sads-pisos-2-e1613833088402-150x150.jpg\",\n                        \"subHtml\": \"\",\n                        \"responsive\": \"https:\/\/www.spaceanddesignsolution.com\/wp-content\/uploads\/2016\/09\/sads-pisos-2-e1613833088402-300x225.jpg 480, https:\/\/www.spaceanddesignsolution.com\/wp-content\/uploads\/2016\/09\/sads-pisos-2-e1613833088402-1024x768.jpg 1024\"\n                    },\n                     \n                                                                                                                        {\n                        \"src\": \"https:\/\/www.spaceanddesignsolution.com\/wp-content\/uploads\/2016\/09\/sads-pisos-1-e1613833141916.jpg\",\n                        \"thumb\": \"https:\/\/www.spaceanddesignsolution.com\/wp-content\/uploads\/2016\/09\/sads-pisos-1-e1613833141916-150x150.jpg\",\n                        \"subHtml\": \"\",\n                        \"responsive\": \"https:\/\/www.spaceanddesignsolution.com\/wp-content\/uploads\/2016\/09\/sads-pisos-1-e1613833141916-300x225.jpg 480, https:\/\/www.spaceanddesignsolution.com\/wp-content\/uploads\/2016\/09\/sads-pisos-1-e1613833141916-1024x768.jpg 1024\"\n                    },\n                     \n                                                                                                                        {\n                        \"src\": \"https:\/\/www.spaceanddesignsolution.com\/wp-content\/uploads\/2016\/07\/sads-home-2.jpg\",\n                        \"thumb\": \"https:\/\/www.spaceanddesignsolution.com\/wp-content\/uploads\/2016\/07\/sads-home-2-150x150.jpg\",\n                        \"subHtml\": \"\",\n                        \"responsive\": \"https:\/\/www.spaceanddesignsolution.com\/wp-content\/uploads\/2016\/07\/sads-home-2-300x225.jpg 480, https:\/\/www.spaceanddesignsolution.com\/wp-content\/uploads\/2016\/07\/sads-home-2.jpg 1024\"\n                    },\n                                        \n                ]\n            });\n        })\n    });\n<\/script> \n                \n \n\n","protected":false},"excerpt":{"rendered":"<a class=\"readmore-button\" href=\"https:\/\/www.spaceanddesignsolution.com\/index.php\/dvgalleries\/instalacion-de-pisos\/\">Read More<\/a>","protected":false},"author":1,"featured_media":0,"parent":0,"menu_order":0,"comment_status":"closed","ping_status":"closed","template":"page-fullwidth.php","meta":{"footnotes":""},"class_list":["post-496","page","type-page","status-publish","hentry"],"yoast_head":"<!-- This site is optimized with the Yoast SEO plugin v20.13 - https:\/\/yoast.com\/wordpress\/plugins\/seo\/ -->\n<title>Instalaci\u00f3n de Pisos - Space &amp; Design Solution, S.A.<\/title>\n<meta name=\"robots\" content=\"index, follow, max-snippet:-1, max-image-preview:large, max-video-preview:-1\" \/>\n<link rel=\"canonical\" href=\"https:\/\/www.spaceanddesignsolution.com\/index.php\/instalacion-de-pisos\/\" \/>\n<meta property=\"og:locale\" content=\"es_ES\" \/>\n<meta property=\"og:type\" content=\"article\" \/>\n<meta property=\"og:title\" content=\"Instalaci\u00f3n de Pisos - Space &amp; Design Solution, S.A.\" \/>\n<meta property=\"og:url\" content=\"https:\/\/www.spaceanddesignsolution.com\/index.php\/instalacion-de-pisos\/\" \/>\n<meta property=\"og:site_name\" content=\"Space &amp; Design Solution, S.A.\" \/>\n<meta property=\"article:publisher\" content=\"https:\/\/web.facebook.com\/syds.sa?_rdc=1&amp;_rdr\" \/>\n<meta property=\"article:modified_time\" content=\"2016-09-13T23:50:50+00:00\" \/>\n<meta property=\"og:image\" content=\"https:\/\/www.spaceanddesignsolution.com\/wp-content\/uploads\/2016\/07\/logo-demo.jpg\" \/>\n\t<meta property=\"og:image:width\" content=\"200\" \/>\n\t<meta property=\"og:image:height\" content=\"200\" \/>\n\t<meta property=\"og:image:type\" content=\"image\/jpeg\" \/>\n<meta name=\"twitter:card\" content=\"summary_large_image\" \/>\n<script type=\"application\/ld+json\" class=\"yoast-schema-graph\">{\"@context\":\"https:\/\/schema.org\",\"@graph\":[{\"@type\":\"WebPage\",\"@id\":\"https:\/\/www.spaceanddesignsolution.com\/index.php\/instalacion-de-pisos\/\",\"url\":\"https:\/\/www.spaceanddesignsolution.com\/index.php\/instalacion-de-pisos\/\",\"name\":\"Instalaci\u00f3n de Pisos - Space &amp; Design Solution, S.A.\",\"isPartOf\":{\"@id\":\"https:\/\/www.spaceanddesignsolution.com\/#website\"},\"datePublished\":\"2016-09-13T23:49:18+00:00\",\"dateModified\":\"2016-09-13T23:50:50+00:00\",\"breadcrumb\":{\"@id\":\"https:\/\/www.spaceanddesignsolution.com\/index.php\/instalacion-de-pisos\/#breadcrumb\"},\"inLanguage\":\"es\",\"potentialAction\":[{\"@type\":\"ReadAction\",\"target\":[\"https:\/\/www.spaceanddesignsolution.com\/index.php\/instalacion-de-pisos\/\"]}]},{\"@type\":\"BreadcrumbList\",\"@id\":\"https:\/\/www.spaceanddesignsolution.com\/index.php\/instalacion-de-pisos\/#breadcrumb\",\"itemListElement\":[{\"@type\":\"ListItem\",\"position\":1,\"name\":\"Portada\",\"item\":\"https:\/\/www.spaceanddesignsolution.com\/\"},{\"@type\":\"ListItem\",\"position\":2,\"name\":\"Instalaci\u00f3n de Pisos\"}]},{\"@type\":\"WebSite\",\"@id\":\"https:\/\/www.spaceanddesignsolution.com\/#website\",\"url\":\"https:\/\/www.spaceanddesignsolution.com\/\",\"name\":\"Space &amp; Design Solution, S.A.\",\"description\":\"Space And Design Solution S,A: Es una firma de arquitectura innovadora y vers\u00e1til, capaz de ofrecer soluciones a la medida para las complejas necesidades de la construcci\u00f3n, la decoraci\u00f3n y el dise\u00f1o en el siglo XXI. Adem\u00e1s de estos servicios, nuestro equipo multidisciplinario se especializa en la compra y venta de materiales, importaci\u00f3n, asesor\u00eda y consultor\u00eda t\u00e9cnica, fabricaci\u00f3n e importaci\u00f3n de todo tipo muebles y equipamientos residenciales (cocina, ba\u00f1os, etc.) y mantenimiento de obras, entre otros.\",\"publisher\":{\"@id\":\"https:\/\/www.spaceanddesignsolution.com\/#organization\"},\"alternateName\":\"sa\",\"potentialAction\":[{\"@type\":\"SearchAction\",\"target\":{\"@type\":\"EntryPoint\",\"urlTemplate\":\"https:\/\/www.spaceanddesignsolution.com\/?s={search_term_string}\"},\"query-input\":\"required name=search_term_string\"}],\"inLanguage\":\"es\"},{\"@type\":\"Organization\",\"@id\":\"https:\/\/www.spaceanddesignsolution.com\/#organization\",\"name\":\"Space &amp; Design Solution, S.A.\",\"url\":\"https:\/\/www.spaceanddesignsolution.com\/\",\"logo\":{\"@type\":\"ImageObject\",\"inLanguage\":\"es\",\"@id\":\"https:\/\/www.spaceanddesignsolution.com\/#\/schema\/logo\/image\/\",\"url\":\"https:\/\/www.spaceanddesignsolution.com\/wp-content\/uploads\/2016\/07\/logo-demo.jpg\",\"contentUrl\":\"https:\/\/www.spaceanddesignsolution.com\/wp-content\/uploads\/2016\/07\/logo-demo.jpg\",\"width\":200,\"height\":200,\"caption\":\"Space &amp; Design Solution, S.A.\"},\"image\":{\"@id\":\"https:\/\/www.spaceanddesignsolution.com\/#\/schema\/logo\/image\/\"},\"sameAs\":[\"https:\/\/web.facebook.com\/syds.sa?_rdc=1&_rdr\",\"https:\/\/www.instagram.com\/spaceanddesignsolution\/\"]}]}<\/script>\n<!-- \/ Yoast SEO plugin. -->","yoast_head_json":{"title":"Instalaci\u00f3n de Pisos - Space &amp; Design Solution, S.A.","robots":{"index":"index","follow":"follow","max-snippet":"max-snippet:-1","max-image-preview":"max-image-preview:large","max-video-preview":"max-video-preview:-1"},"canonical":"https:\/\/www.spaceanddesignsolution.com\/index.php\/instalacion-de-pisos\/","og_locale":"es_ES","og_type":"article","og_title":"Instalaci\u00f3n de Pisos - Space &amp; Design Solution, S.A.","og_url":"https:\/\/www.spaceanddesignsolution.com\/index.php\/instalacion-de-pisos\/","og_site_name":"Space &amp; Design Solution, S.A.","article_publisher":"https:\/\/web.facebook.com\/syds.sa?_rdc=1&_rdr","article_modified_time":"2016-09-13T23:50:50+00:00","og_image":[{"width":200,"height":200,"url":"https:\/\/www.spaceanddesignsolution.com\/wp-content\/uploads\/2016\/07\/logo-demo.jpg","type":"image\/jpeg"}],"twitter_card":"summary_large_image","schema":{"@context":"https:\/\/schema.org","@graph":[{"@type":"WebPage","@id":"https:\/\/www.spaceanddesignsolution.com\/index.php\/instalacion-de-pisos\/","url":"https:\/\/www.spaceanddesignsolution.com\/index.php\/instalacion-de-pisos\/","name":"Instalaci\u00f3n de Pisos - Space &amp; Design Solution, S.A.","isPartOf":{"@id":"https:\/\/www.spaceanddesignsolution.com\/#website"},"datePublished":"2016-09-13T23:49:18+00:00","dateModified":"2016-09-13T23:50:50+00:00","breadcrumb":{"@id":"https:\/\/www.spaceanddesignsolution.com\/index.php\/instalacion-de-pisos\/#breadcrumb"},"inLanguage":"es","potentialAction":[{"@type":"ReadAction","target":["https:\/\/www.spaceanddesignsolution.com\/index.php\/instalacion-de-pisos\/"]}]},{"@type":"BreadcrumbList","@id":"https:\/\/www.spaceanddesignsolution.com\/index.php\/instalacion-de-pisos\/#breadcrumb","itemListElement":[{"@type":"ListItem","position":1,"name":"Portada","item":"https:\/\/www.spaceanddesignsolution.com\/"},{"@type":"ListItem","position":2,"name":"Instalaci\u00f3n de Pisos"}]},{"@type":"WebSite","@id":"https:\/\/www.spaceanddesignsolution.com\/#website","url":"https:\/\/www.spaceanddesignsolution.com\/","name":"Space &amp; Design Solution, S.A.","description":"Space And Design Solution S,A: Es una firma de arquitectura innovadora y vers\u00e1til, capaz de ofrecer soluciones a la medida para las complejas necesidades de la construcci\u00f3n, la decoraci\u00f3n y el dise\u00f1o en el siglo XXI. Adem\u00e1s de estos servicios, nuestro equipo multidisciplinario se especializa en la compra y venta de materiales, importaci\u00f3n, asesor\u00eda y consultor\u00eda t\u00e9cnica, fabricaci\u00f3n e importaci\u00f3n de todo tipo muebles y equipamientos residenciales (cocina, ba\u00f1os, etc.) y mantenimiento de obras, entre otros.","publisher":{"@id":"https:\/\/www.spaceanddesignsolution.com\/#organization"},"alternateName":"sa","potentialAction":[{"@type":"SearchAction","target":{"@type":"EntryPoint","urlTemplate":"https:\/\/www.spaceanddesignsolution.com\/?s={search_term_string}"},"query-input":"required name=search_term_string"}],"inLanguage":"es"},{"@type":"Organization","@id":"https:\/\/www.spaceanddesignsolution.com\/#organization","name":"Space &amp; Design Solution, S.A.","url":"https:\/\/www.spaceanddesignsolution.com\/","logo":{"@type":"ImageObject","inLanguage":"es","@id":"https:\/\/www.spaceanddesignsolution.com\/#\/schema\/logo\/image\/","url":"https:\/\/www.spaceanddesignsolution.com\/wp-content\/uploads\/2016\/07\/logo-demo.jpg","contentUrl":"https:\/\/www.spaceanddesignsolution.com\/wp-content\/uploads\/2016\/07\/logo-demo.jpg","width":200,"height":200,"caption":"Space &amp; Design Solution, S.A."},"image":{"@id":"https:\/\/www.spaceanddesignsolution.com\/#\/schema\/logo\/image\/"},"sameAs":["https:\/\/web.facebook.com\/syds.sa?_rdc=1&_rdr","https:\/\/www.instagram.com\/spaceanddesignsolution\/"]}]}},"_links":{"self":[{"href":"https:\/\/www.spaceanddesignsolution.com\/index.php\/wp-json\/wp\/v2\/pages\/496","targetHints":{"allow":["GET"]}}],"collection":[{"href":"https:\/\/www.spaceanddesignsolution.com\/index.php\/wp-json\/wp\/v2\/pages"}],"about":[{"href":"https:\/\/www.spaceanddesignsolution.com\/index.php\/wp-json\/wp\/v2\/types\/page"}],"author":[{"embeddable":true,"href":"https:\/\/www.spaceanddesignsolution.com\/index.php\/wp-json\/wp\/v2\/users\/1"}],"replies":[{"embeddable":true,"href":"https:\/\/www.spaceanddesignsolution.com\/index.php\/wp-json\/wp\/v2\/comments?post=496"}],"version-history":[{"count":2,"href":"https:\/\/www.spaceanddesignsolution.com\/index.php\/wp-json\/wp\/v2\/pages\/496\/revisions"}],"predecessor-version":[{"id":498,"href":"https:\/\/www.spaceanddesignsolution.com\/index.php\/wp-json\/wp\/v2\/pages\/496\/revisions\/498"}],"wp:attachment":[{"href":"https:\/\/www.spaceanddesignsolution.com\/index.php\/wp-json\/wp\/v2\/media?parent=496"}],"curies":[{"name":"wp","href":"https:\/\/api.w.org\/{rel}","templated":true}]}}