{"id":92,"date":"2015-04-13T21:29:27","date_gmt":"2015-04-13T21:29:27","guid":{"rendered":"http:\/\/oriel-wp.wp4life.com\/?page_id=92"},"modified":"2016-09-20T21:54:53","modified_gmt":"2016-09-20T21:54:53","slug":"about-us","status":"publish","type":"page","link":"https:\/\/www.spaceanddesignsolution.com\/index.php\/about-us\/","title":{"rendered":"Nosotros"},"content":{"rendered":"<h3>Qui\u00e9nes Somos<\/h3>\n<p style=\"text-align: justify;\"><img loading=\"lazy\" decoding=\"async\" class=\"wp-image-5 alignleft\" src=\"http:\/\/spaceanddesignsolution.com\/wp-content\/uploads\/2016\/07\/logo-demo.jpg\" alt=\"logo-demo\" width=\"178\" height=\"178\" srcset=\"https:\/\/www.spaceanddesignsolution.com\/wp-content\/uploads\/2016\/07\/logo-demo.jpg 200w, https:\/\/www.spaceanddesignsolution.com\/wp-content\/uploads\/2016\/07\/logo-demo-150x150.jpg 150w\" sizes=\"auto, (max-width: 178px) 100vw, 178px\" \/>Somos una firma innovadora y vers\u00e1til, capaz de ofrecer soluciones a la\u00a0medida para las complejas necesidades de la construcci\u00f3n, la decoraci\u00f3n y el\u00a0dise\u00f1o en el siglo XXI. Adem\u00e1s de estos servicios, nuestro equipo\u00a0multidisciplinario se especializa en la compra y venta de materiales,\u00a0importaci\u00f3n, asesor\u00eda y consultor\u00eda t\u00e9cnica, fabricaci\u00f3n e importaci\u00f3n de todo tipo muebles y equipamientos residenciales (cocina, ba\u00f1os, etc.) y\u00a0mantenimiento de obras, entre otros.<\/p>\n<p>&nbsp;<\/p>\n<p>&nbsp;<\/p>\n<hr \/>\n<h3>Our Partners<\/h3>\n<div id=\"partners882548904\" class=\"owl-carousel\">\r\n    \r\n<\/div>\r\n<script type=\"text\/javascript\">\r\n    jQuery(window).load(function () {\r\n        \"use strict\";\r\n        jQuery(\"#partners882548904\").owlCarousel({\r\n            autoplay: true,\r\n            autoplayTimeout: 4000,\r\n            autoplayHoverPause: true,\r\n                        items: 1,\r\n            margin: 16,\r\n            dots: false,\r\n                        smartSpeed: 800,\r\n            navText: [' ', ' '],\r\n            nav: true,\r\n            loop: true,\r\n            navRewind: true,\r\n                        responsive: {\r\n                340: {\r\n                    items: 2\r\n                },\r\n                640: {\r\n                    items: 3\r\n                },\r\n                1170: {\r\n                    items: 4\r\n                }\r\n            }\r\n                                            });\r\n    });\r\n<\/script>\r\n\n","protected":false},"excerpt":{"rendered":"<p>Qui\u00e9nes Somos Somos una firma innovadora y vers\u00e1til, capaz de ofrecer soluciones a la\u00a0medida para las complejas necesidades de la construcci\u00f3n, la decoraci\u00f3n y el\u00a0dise\u00f1o en el siglo XXI. Adem\u00e1s de estos servicios, nuestro equipo\u00a0multidisciplinario se especializa en la compra y venta de materiales,\u00a0importaci\u00f3n, asesor\u00eda y consultor\u00eda t\u00e9cnica, fabricaci\u00f3n e importaci\u00f3n de todo tipo muebles [&hellip;]<\/p>\n<a class=\"readmore-button\" href=\"https:\/\/www.spaceanddesignsolution.com\/index.php\/about-us\/\">Read More<\/a>","protected":false},"author":1,"featured_media":564,"parent":0,"menu_order":0,"comment_status":"open","ping_status":"open","template":"","meta":{"footnotes":""},"class_list":["post-92","page","type-page","status-publish","has-post-thumbnail","hentry"],"yoast_head":"<!-- This site is optimized with the Yoast SEO plugin v20.13 - https:\/\/yoast.com\/wordpress\/plugins\/seo\/ -->\n<title>Nosotros - Space &amp; Design Solution, S.A.<\/title>\n<meta name=\"robots\" content=\"index, follow, max-snippet:-1, max-image-preview:large, max-video-preview:-1\" \/>\n<link rel=\"canonical\" href=\"https:\/\/www.spaceanddesignsolution.com\/index.php\/about-us\/\" \/>\n<meta property=\"og:locale\" content=\"es_ES\" \/>\n<meta property=\"og:type\" content=\"article\" \/>\n<meta property=\"og:title\" content=\"Nosotros - Space &amp; Design Solution, S.A.\" \/>\n<meta property=\"og:description\" content=\"Qui\u00e9nes Somos Somos una firma innovadora y vers\u00e1til, capaz de ofrecer soluciones a la\u00a0medida para las complejas necesidades de la construcci\u00f3n, la decoraci\u00f3n y el\u00a0dise\u00f1o en el siglo XXI. Adem\u00e1s de estos servicios, nuestro equipo\u00a0multidisciplinario se especializa en la compra y venta de materiales,\u00a0importaci\u00f3n, asesor\u00eda y consultor\u00eda t\u00e9cnica, fabricaci\u00f3n e importaci\u00f3n de todo tipo muebles [&hellip;]\" \/>\n<meta property=\"og:url\" content=\"https:\/\/www.spaceanddesignsolution.com\/index.php\/about-us\/\" \/>\n<meta property=\"og:site_name\" content=\"Space &amp; Design Solution, S.A.\" \/>\n<meta property=\"article:publisher\" content=\"https:\/\/web.facebook.com\/syds.sa?_rdc=1&amp;_rdr\" \/>\n<meta property=\"article:modified_time\" content=\"2016-09-20T21:54:53+00:00\" \/>\n<meta property=\"og:image\" content=\"https:\/\/www.spaceanddesignsolution.com\/wp-content\/uploads\/2015\/04\/nosotros-1-slide.jpg\" \/>\n\t<meta property=\"og:image:width\" content=\"1400\" \/>\n\t<meta property=\"og:image:height\" content=\"800\" \/>\n\t<meta property=\"og:image:type\" content=\"image\/jpeg\" \/>\n<meta name=\"twitter:card\" content=\"summary_large_image\" \/>\n<script type=\"application\/ld+json\" class=\"yoast-schema-graph\">{\"@context\":\"https:\/\/schema.org\",\"@graph\":[{\"@type\":\"WebPage\",\"@id\":\"https:\/\/www.spaceanddesignsolution.com\/index.php\/about-us\/\",\"url\":\"https:\/\/www.spaceanddesignsolution.com\/index.php\/about-us\/\",\"name\":\"Nosotros - Space &amp; Design Solution, S.A.\",\"isPartOf\":{\"@id\":\"https:\/\/www.spaceanddesignsolution.com\/#website\"},\"datePublished\":\"2015-04-13T21:29:27+00:00\",\"dateModified\":\"2016-09-20T21:54:53+00:00\",\"breadcrumb\":{\"@id\":\"https:\/\/www.spaceanddesignsolution.com\/index.php\/about-us\/#breadcrumb\"},\"inLanguage\":\"es\",\"potentialAction\":[{\"@type\":\"ReadAction\",\"target\":[\"https:\/\/www.spaceanddesignsolution.com\/index.php\/about-us\/\"]}]},{\"@type\":\"BreadcrumbList\",\"@id\":\"https:\/\/www.spaceanddesignsolution.com\/index.php\/about-us\/#breadcrumb\",\"itemListElement\":[{\"@type\":\"ListItem\",\"position\":1,\"name\":\"Portada\",\"item\":\"https:\/\/www.spaceanddesignsolution.com\/\"},{\"@type\":\"ListItem\",\"position\":2,\"name\":\"Nosotros\"}]},{\"@type\":\"WebSite\",\"@id\":\"https:\/\/www.spaceanddesignsolution.com\/#website\",\"url\":\"https:\/\/www.spaceanddesignsolution.com\/\",\"name\":\"Space &amp; Design Solution, S.A.\",\"description\":\"Space And Design Solution S,A: Es una firma de arquitectura innovadora y vers\u00e1til, capaz de ofrecer soluciones a la medida para las complejas necesidades de la construcci\u00f3n, la decoraci\u00f3n y el dise\u00f1o en el siglo XXI. Adem\u00e1s de estos servicios, nuestro equipo multidisciplinario se especializa en la compra y venta de materiales, importaci\u00f3n, asesor\u00eda y consultor\u00eda t\u00e9cnica, fabricaci\u00f3n e importaci\u00f3n de todo tipo muebles y equipamientos residenciales (cocina, ba\u00f1os, etc.) y mantenimiento de obras, entre otros.\",\"publisher\":{\"@id\":\"https:\/\/www.spaceanddesignsolution.com\/#organization\"},\"alternateName\":\"sa\",\"potentialAction\":[{\"@type\":\"SearchAction\",\"target\":{\"@type\":\"EntryPoint\",\"urlTemplate\":\"https:\/\/www.spaceanddesignsolution.com\/?s={search_term_string}\"},\"query-input\":\"required name=search_term_string\"}],\"inLanguage\":\"es\"},{\"@type\":\"Organization\",\"@id\":\"https:\/\/www.spaceanddesignsolution.com\/#organization\",\"name\":\"Space &amp; Design Solution, S.A.\",\"url\":\"https:\/\/www.spaceanddesignsolution.com\/\",\"logo\":{\"@type\":\"ImageObject\",\"inLanguage\":\"es\",\"@id\":\"https:\/\/www.spaceanddesignsolution.com\/#\/schema\/logo\/image\/\",\"url\":\"https:\/\/www.spaceanddesignsolution.com\/wp-content\/uploads\/2016\/07\/logo-demo.jpg\",\"contentUrl\":\"https:\/\/www.spaceanddesignsolution.com\/wp-content\/uploads\/2016\/07\/logo-demo.jpg\",\"width\":200,\"height\":200,\"caption\":\"Space &amp; Design Solution, S.A.\"},\"image\":{\"@id\":\"https:\/\/www.spaceanddesignsolution.com\/#\/schema\/logo\/image\/\"},\"sameAs\":[\"https:\/\/web.facebook.com\/syds.sa?_rdc=1&_rdr\",\"https:\/\/www.instagram.com\/spaceanddesignsolution\/\"]}]}<\/script>\n<!-- \/ Yoast SEO plugin. -->","yoast_head_json":{"title":"Nosotros - Space &amp; Design Solution, S.A.","robots":{"index":"index","follow":"follow","max-snippet":"max-snippet:-1","max-image-preview":"max-image-preview:large","max-video-preview":"max-video-preview:-1"},"canonical":"https:\/\/www.spaceanddesignsolution.com\/index.php\/about-us\/","og_locale":"es_ES","og_type":"article","og_title":"Nosotros - Space &amp; Design Solution, S.A.","og_description":"Qui\u00e9nes Somos Somos una firma innovadora y vers\u00e1til, capaz de ofrecer soluciones a la\u00a0medida para las complejas necesidades de la construcci\u00f3n, la decoraci\u00f3n y el\u00a0dise\u00f1o en el siglo XXI. Adem\u00e1s de estos servicios, nuestro equipo\u00a0multidisciplinario se especializa en la compra y venta de materiales,\u00a0importaci\u00f3n, asesor\u00eda y consultor\u00eda t\u00e9cnica, fabricaci\u00f3n e importaci\u00f3n de todo tipo muebles [&hellip;]","og_url":"https:\/\/www.spaceanddesignsolution.com\/index.php\/about-us\/","og_site_name":"Space &amp; Design Solution, S.A.","article_publisher":"https:\/\/web.facebook.com\/syds.sa?_rdc=1&_rdr","article_modified_time":"2016-09-20T21:54:53+00:00","og_image":[{"width":1400,"height":800,"url":"https:\/\/www.spaceanddesignsolution.com\/wp-content\/uploads\/2015\/04\/nosotros-1-slide.jpg","type":"image\/jpeg"}],"twitter_card":"summary_large_image","schema":{"@context":"https:\/\/schema.org","@graph":[{"@type":"WebPage","@id":"https:\/\/www.spaceanddesignsolution.com\/index.php\/about-us\/","url":"https:\/\/www.spaceanddesignsolution.com\/index.php\/about-us\/","name":"Nosotros - Space &amp; Design Solution, S.A.","isPartOf":{"@id":"https:\/\/www.spaceanddesignsolution.com\/#website"},"datePublished":"2015-04-13T21:29:27+00:00","dateModified":"2016-09-20T21:54:53+00:00","breadcrumb":{"@id":"https:\/\/www.spaceanddesignsolution.com\/index.php\/about-us\/#breadcrumb"},"inLanguage":"es","potentialAction":[{"@type":"ReadAction","target":["https:\/\/www.spaceanddesignsolution.com\/index.php\/about-us\/"]}]},{"@type":"BreadcrumbList","@id":"https:\/\/www.spaceanddesignsolution.com\/index.php\/about-us\/#breadcrumb","itemListElement":[{"@type":"ListItem","position":1,"name":"Portada","item":"https:\/\/www.spaceanddesignsolution.com\/"},{"@type":"ListItem","position":2,"name":"Nosotros"}]},{"@type":"WebSite","@id":"https:\/\/www.spaceanddesignsolution.com\/#website","url":"https:\/\/www.spaceanddesignsolution.com\/","name":"Space &amp; Design Solution, S.A.","description":"Space And Design Solution S,A: Es una firma de arquitectura innovadora y vers\u00e1til, capaz de ofrecer soluciones a la medida para las complejas necesidades de la construcci\u00f3n, la decoraci\u00f3n y el dise\u00f1o en el siglo XXI. Adem\u00e1s de estos servicios, nuestro equipo multidisciplinario se especializa en la compra y venta de materiales, importaci\u00f3n, asesor\u00eda y consultor\u00eda t\u00e9cnica, fabricaci\u00f3n e importaci\u00f3n de todo tipo muebles y equipamientos residenciales (cocina, ba\u00f1os, etc.) y mantenimiento de obras, entre otros.","publisher":{"@id":"https:\/\/www.spaceanddesignsolution.com\/#organization"},"alternateName":"sa","potentialAction":[{"@type":"SearchAction","target":{"@type":"EntryPoint","urlTemplate":"https:\/\/www.spaceanddesignsolution.com\/?s={search_term_string}"},"query-input":"required name=search_term_string"}],"inLanguage":"es"},{"@type":"Organization","@id":"https:\/\/www.spaceanddesignsolution.com\/#organization","name":"Space &amp; Design Solution, S.A.","url":"https:\/\/www.spaceanddesignsolution.com\/","logo":{"@type":"ImageObject","inLanguage":"es","@id":"https:\/\/www.spaceanddesignsolution.com\/#\/schema\/logo\/image\/","url":"https:\/\/www.spaceanddesignsolution.com\/wp-content\/uploads\/2016\/07\/logo-demo.jpg","contentUrl":"https:\/\/www.spaceanddesignsolution.com\/wp-content\/uploads\/2016\/07\/logo-demo.jpg","width":200,"height":200,"caption":"Space &amp; Design Solution, S.A."},"image":{"@id":"https:\/\/www.spaceanddesignsolution.com\/#\/schema\/logo\/image\/"},"sameAs":["https:\/\/web.facebook.com\/syds.sa?_rdc=1&_rdr","https:\/\/www.instagram.com\/spaceanddesignsolution\/"]}]}},"_links":{"self":[{"href":"https:\/\/www.spaceanddesignsolution.com\/index.php\/wp-json\/wp\/v2\/pages\/92","targetHints":{"allow":["GET"]}}],"collection":[{"href":"https:\/\/www.spaceanddesignsolution.com\/index.php\/wp-json\/wp\/v2\/pages"}],"about":[{"href":"https:\/\/www.spaceanddesignsolution.com\/index.php\/wp-json\/wp\/v2\/types\/page"}],"author":[{"embeddable":true,"href":"https:\/\/www.spaceanddesignsolution.com\/index.php\/wp-json\/wp\/v2\/users\/1"}],"replies":[{"embeddable":true,"href":"https:\/\/www.spaceanddesignsolution.com\/index.php\/wp-json\/wp\/v2\/comments?post=92"}],"version-history":[{"count":9,"href":"https:\/\/www.spaceanddesignsolution.com\/index.php\/wp-json\/wp\/v2\/pages\/92\/revisions"}],"predecessor-version":[{"id":222,"href":"https:\/\/www.spaceanddesignsolution.com\/index.php\/wp-json\/wp\/v2\/pages\/92\/revisions\/222"}],"wp:featuredmedia":[{"embeddable":true,"href":"https:\/\/www.spaceanddesignsolution.com\/index.php\/wp-json\/wp\/v2\/media\/564"}],"wp:attachment":[{"href":"https:\/\/www.spaceanddesignsolution.com\/index.php\/wp-json\/wp\/v2\/media?parent=92"}],"curies":[{"name":"wp","href":"https:\/\/api.w.org\/{rel}","templated":true}]}}